{"id":3834,"date":"2025-10-09T00:36:49","date_gmt":"2025-10-08T21:36:49","guid":{"rendered":"https:\/\/rw.skald.ee\/politica-de-privacidad\/"},"modified":"2026-01-10T12:22:36","modified_gmt":"2026-01-10T10:22:36","slug":"politica-de-privacidad","status":"publish","type":"page","link":"https:\/\/rw.skald.ee\/es\/politica-de-privacidad\/","title":{"rendered":"Pol\u00edtica de privacidad"},"content":{"rendered":"\n<h3 class=\"wp-block-heading\"><strong>Pol\u00edtica de privacidad de RaulWalter.com<\/strong><\/h3>\n\n<p><strong>Fecha de entrada en vigor:<\/strong> 9 de octubre de 2025<\/p>\n\n<p><strong>1. Introducci\u00f3n<\/strong><\/p>\n\n<p>Esta Pol\u00edtica de privacidad describe c\u00f3mo RaulWalter O\u00dc (\u00abnosotros\u00bb, \u00abnos\u00bb, \u00abnuestro\u00bb), el operador de RaulWalter.com (el \u00abSitio\u00bb), gestiona la informaci\u00f3n. RaulWalter O\u00dc es el responsable del tratamiento de los datos procesados en relaci\u00f3n con este Sitio. <\/p>\n\n<p>Nos comprometemos a proteger su privacidad y a recopilar la cantidad m\u00ednima de informaci\u00f3n necesaria para el funcionamiento de nuestro Sitio.<\/p>\n\n<p><strong>2. Nuestra filosof\u00eda de recopilaci\u00f3n de datos<\/strong><\/p>\n\n<p>Nuestro enfoque de la privacidad es sencillo: recopilamos la menor cantidad posible de datos personales. Este Sitio ha sido dise\u00f1ado para funcionar sin necesidad de recopilar datos activamente de nuestros visitantes. <\/p>\n\n<p><strong>3. Informaci\u00f3n que NO recopilamos<\/strong><\/p>\n\n<p>Para ser totalmente transparentes, queremos aclarar lo que <strong>no<\/strong> hacemos:<\/p>\n\n<ul class=\"wp-block-list\">\n<li><strong>Cookies:<\/strong> No utilizamos cookies ni ninguna tecnolog\u00eda de seguimiento similar en este Sitio.<\/li>\n\n\n\n<li><strong>Cuentas de usuario:<\/strong> No tenemos un sistema de registro o inicio de sesi\u00f3n de usuarios, por lo que no recopilamos informaci\u00f3n personal relacionada con las cuentas de usuario (como nombres, nombres de usuario o contrase\u00f1as).<\/li>\n\n\n\n<li><strong>Formularios:<\/strong> No tenemos formularios de contacto, secciones de comentarios u otros formularios que recopilen activamente informaci\u00f3n personal como su nombre, direcci\u00f3n de correo electr\u00f3nico o n\u00famero de tel\u00e9fono.<\/li>\n\n\n\n<li><strong>Datos de marketing:<\/strong> No recopilamos datos con fines de marketing, publicidad o elaboraci\u00f3n de perfiles.<\/li>\n<\/ul>\n\n<p><strong>4. Informaci\u00f3n que procesamos y por qu\u00e9<\/strong><\/p>\n\n<p>Como pr\u00e1cticamente todos los sitios web, nuestro servidor web recopila autom\u00e1ticamente informaci\u00f3n t\u00e9cnica est\u00e1ndar en los registros del servidor cuando usted visita nuestro Sitio. Esto es esencial para mantener la seguridad y la funcionalidad de nuestros servicios. <\/p>\n\n<p>Los datos procesados incluyen:<\/p>\n\n<ul class=\"wp-block-list\">\n<li>Su direcci\u00f3n IP<\/li>\n\n\n\n<li>La fecha y hora de su visita<\/li>\n\n\n\n<li>Las p\u00e1ginas a las que accedi\u00f3 en nuestro Sitio<\/li>\n\n\n\n<li>Su tipo y versi\u00f3n de navegador<\/li>\n\n\n\n<li>Su sistema operativo<\/li>\n\n\n\n<li>El sitio web de referencia (si sigui\u00f3 un enlace a nuestro Sitio)<\/li>\n<\/ul>\n\n<p>La base legal para el procesamiento de estos datos es nuestro <strong>inter\u00e9s leg\u00edtimo<\/strong> (seg\u00fan el Art. 6(1)(f) del RGPD) para garantizar la funcionalidad t\u00e9cnica, la seguridad y la integridad de nuestro Sitio, y para diagnosticar y prevenir problemas t\u00e9cnicos o ataques de seguridad. Estos datos se utilizan exclusivamente para estos fines y no se utilizan para identificarle personalmente. <\/p>\n\n<p><strong>5. Intercambio de datos y terceros<\/strong><\/p>\n\n<p>No vendemos, alquilamos, intercambiamos ni compartimos sus datos personales con terceros con fines de marketing.<\/p>\n\n<p>Los datos de registro del servidor son procesados por nuestro proveedor de alojamiento web, que act\u00faa como encargado del tratamiento de datos en nuestro nombre. Est\u00e1n obligados por contrato a mantener la seguridad de los datos y a procesarlos \u00fanicamente de acuerdo con nuestras instrucciones. No divulgaremos estos datos a ning\u00fan otro tercero a menos que estemos legalmente obligados a hacerlo por una orden judicial o una solicitud gubernamental.  <\/p>\n\n<p><strong>6. Conservaci\u00f3n de datos<\/strong><\/p>\n\n<p>Los datos t\u00e9cnicos de registro del servidor se conservan durante un per\u00edodo limitado, que normalmente no supera los 90 d\u00edas, seg\u00fan sea necesario para fines de seguridad y resoluci\u00f3n de problemas. Despu\u00e9s de este per\u00edodo, los registros se eliminan autom\u00e1ticamente. <\/p>\n\n<p><strong>7. Sus derechos en virtud del RGPD<\/strong><\/p>\n\n<p>Dado que nuestro Sitio se opera desde Estonia (un estado miembro de la UE), usted tiene derechos en virtud del Reglamento General de Protecci\u00f3n de Datos (RGPD). Aunque recopilamos datos m\u00ednimos, usted tiene derecho a: <\/p>\n\n<ul class=\"wp-block-list\">\n<li>Solicitar el acceso a los datos personales que tenemos sobre usted.<\/li>\n\n\n\n<li>Solicitar la correcci\u00f3n de cualquier dato incorrecto.<\/li>\n\n\n\n<li>Solicitar la supresi\u00f3n de sus datos personales.<\/li>\n\n\n\n<li>Oponerse al procesamiento de sus datos.<\/li>\n\n\n\n<li>Solicitar la restricci\u00f3n del procesamiento.<\/li>\n<\/ul>\n\n<p>Para ejercer estos derechos, p\u00f3ngase en contacto con nosotros utilizando los datos que figuran a continuaci\u00f3n.<\/p>\n\n<p><strong>8. Enlaces a otros sitios web<\/strong><\/p>\n\n<p>Nuestro Sitio puede contener enlaces a otros sitios web que no son operados por nosotros. Si hace clic en un enlace de un tercero, ser\u00e1 dirigido al sitio de ese tercero. Le aconsejamos encarecidamente que revise la Pol\u00edtica de privacidad de cada sitio que visite. No tenemos control ni asumimos ninguna responsabilidad por el contenido o las pr\u00e1cticas de privacidad de los sitios de terceros.   <\/p>\n\n<p><strong>9. Cambios en esta Pol\u00edtica de privacidad<\/strong><\/p>\n\n<p>Es posible que actualicemos esta Pol\u00edtica de privacidad de vez en cuando. Le notificaremos cualquier cambio publicando la nueva Pol\u00edtica de privacidad en esta p\u00e1gina. Se le aconseja que revise esta Pol\u00edtica de privacidad peri\u00f3dicamente para comprobar si hay cambios.  <\/p>\n\n<p><strong>10. P\u00f3ngase en contacto con nosotros \/ Responsable del tratamiento de datos<\/strong><\/p>\n\n<p>Si tiene alguna pregunta sobre esta Pol\u00edtica de privacidad, p\u00f3ngase en contacto con nosotros. Puede encontrar nuestra informaci\u00f3n de contacto <strong><a href=\"https:\/\/rw.skald.ee\/es\/pongase-en-contacto\/\">aqu\u00ed<\/a><\/strong>. <\/p>\n\n<p><\/p>\n","protected":false},"excerpt":{"rendered":"<p>Pol\u00edtica de privacidad de RaulWalter.com Fecha de entrada en vigor: 9 de octubre de 2025 1. Introducci\u00f3n Esta Pol\u00edtica de privacidad describe c\u00f3mo RaulWalter O\u00dc (\u00abnosotros\u00bb, \u00abnos\u00bb, \u00abnuestro\u00bb), el operador de RaulWalter.com (el \u00abSitio\u00bb), gestiona la informaci\u00f3n. RaulWalter O\u00dc es el responsable del tratamiento de los datos procesados en relaci\u00f3n con este Sitio. Nos comprometemos [&hellip;]<\/p>\n","protected":false},"author":1,"featured_media":0,"parent":0,"menu_order":0,"comment_status":"closed","ping_status":"closed","template":"","meta":{"_acf_changed":false,"footnotes":""},"class_list":["post-3834","page","type-page","status-publish","hentry"],"acf":[],"_links":{"self":[{"href":"https:\/\/rw.skald.ee\/es\/wp-json\/wp\/v2\/pages\/3834","targetHints":{"allow":["GET"]}}],"collection":[{"href":"https:\/\/rw.skald.ee\/es\/wp-json\/wp\/v2\/pages"}],"about":[{"href":"https:\/\/rw.skald.ee\/es\/wp-json\/wp\/v2\/types\/page"}],"author":[{"embeddable":true,"href":"https:\/\/rw.skald.ee\/es\/wp-json\/wp\/v2\/users\/1"}],"replies":[{"embeddable":true,"href":"https:\/\/rw.skald.ee\/es\/wp-json\/wp\/v2\/comments?post=3834"}],"version-history":[{"count":1,"href":"https:\/\/rw.skald.ee\/es\/wp-json\/wp\/v2\/pages\/3834\/revisions"}],"predecessor-version":[{"id":3835,"href":"https:\/\/rw.skald.ee\/es\/wp-json\/wp\/v2\/pages\/3834\/revisions\/3835"}],"wp:attachment":[{"href":"https:\/\/rw.skald.ee\/es\/wp-json\/wp\/v2\/media?parent=3834"}],"curies":[{"name":"wp","href":"https:\/\/api.w.org\/{rel}","templated":true}]}}